{"id":822,"date":"2025-10-05T20:31:08","date_gmt":"2025-10-05T20:31:08","guid":{"rendered":"https:\/\/www.legrandpont.be\/?page_id=822"},"modified":"2026-03-02T19:25:52","modified_gmt":"2026-03-02T18:25:52","slug":"reservatieformulier","status":"publish","type":"page","link":"https:\/\/www.legrandpont.be\/fr\/reservatieformulier\/","title":{"rendered":"Formulaire de r\u00e9servation"},"content":{"rendered":"<style>.elementor-822 .elementor-element.elementor-element-5f9c84a7{padding:0px 35px 0px 35px;}.elementor-822 .elementor-element.elementor-element-1f082705.elementor-column > .elementor-widget-wrap{justify-content:center;}.elementor-822 .elementor-element.elementor-element-1f082705 .elementor-background-slideshow__slide__image{background-size:cover;background-position:center center;}.elementor-822 .elementor-element.elementor-element-1f082705 > .elementor-element-populated{transition:background 0.3s, border 0.3s, border-radius 0.3s, box-shadow 0.3s;margin:0px 0px 0px 0px;--e-column-margin-right:0px;--e-column-margin-left:0px;padding:0px 0px 0px 0px;}.elementor-822 .elementor-element.elementor-element-1f082705 > .elementor-element-populated > .elementor-background-overlay{transition:background 0.3s, border-radius 0.3s, opacity 0.3s;}.elementor-822 .elementor-element.elementor-element-6e2217 > .elementor-container{max-width:620px;}.elementor-822 .elementor-element.elementor-element-6e2217:not(.elementor-motion-effects-element-type-background), .elementor-822 .elementor-element.elementor-element-6e2217 > .elementor-motion-effects-container > .elementor-motion-effects-layer{background-image:url(\"https:\/\/www.legrandpont.be\/wp-content\/uploads\/2025\/10\/nightstand-in-a-hotel-room-with-flowers-telephone-clock-and-lamps.jpg\");background-position:bottom center;background-repeat:no-repeat;background-size:cover;}.elementor-822 .elementor-element.elementor-element-6e2217 > .elementor-background-overlay{background-color:#000000;opacity:0.6;transition:background 0.3s, border-radius 0.3s, opacity 0.3s;}.elementor-822 .elementor-element.elementor-element-6e2217{transition:background 0.3s, border 0.3s, border-radius 0.3s, box-shadow 0.3s;padding:80px 0px 80px 0px;}.elementor-822 .elementor-element.elementor-element-54015164 > .elementor-element-populated{margin:0px 0px 0px 0px;--e-column-margin-right:0px;--e-column-margin-left:0px;}.elementor-822 .elementor-element.elementor-element-705730fa{text-align:center;}.elementor-822 .elementor-element.elementor-element-705730fa .elementor-heading-title{font-family:\"Cormorant\", Sans-serif;font-size:42px;font-weight:600;text-transform:uppercase;line-height:1em;letter-spacing:1px;color:#FFFFFF;}.elementor-822 .elementor-element.elementor-element-06e7c93{text-align:center;font-family:\"Karla\", Sans-serif;font-size:16px;font-weight:400;color:#FFFFFF;margin:10px 0px calc(var(--kit-widget-spacing, 0px) + 0px) 0px;}.elementor-822 .elementor-element.elementor-element-1b0adcfc > .elementor-container{max-width:1290px;}.elementor-822 .elementor-element.elementor-element-1b0adcfc{padding:80px 60px 100px 60px;}.elementor-822 .elementor-element.elementor-element-2fcb11b9 > .elementor-element-populated{transition:background 0.3s, border 0.3s, border-radius 0.3s, box-shadow 0.3s;margin:0px 0px 0px 0px;--e-column-margin-right:0px;--e-column-margin-left:0px;padding:0px 0px 0px 0px;}.elementor-822 .elementor-element.elementor-element-2fcb11b9 > .elementor-element-populated > .elementor-background-overlay{transition:background 0.3s, border-radius 0.3s, opacity 0.3s;}.elementor-822 .elementor-element.elementor-element-2d3c54e{text-align:start;padding:0px 0px 15px 0px;}.elementor-822 .elementor-element.elementor-element-2d3c54e .elementor-heading-title{font-family:var( --e-global-typography-bb09ac0-font-family ), Sans-serif;font-size:var( --e-global-typography-bb09ac0-font-size );font-weight:var( --e-global-typography-bb09ac0-font-weight );text-transform:var( --e-global-typography-bb09ac0-text-transform );line-height:var( --e-global-typography-bb09ac0-line-height );letter-spacing:var( --e-global-typography-bb09ac0-letter-spacing );word-spacing:var( --e-global-typography-bb09ac0-word-spacing );color:var( --e-global-color-8903f70 );}.elementor-822 .elementor-element.elementor-element-3da11a2{text-align:start;font-family:var( --e-global-typography-b13b038-font-family ), Sans-serif;font-size:var( --e-global-typography-b13b038-font-size );font-weight:var( --e-global-typography-b13b038-font-weight );text-transform:var( --e-global-typography-b13b038-text-transform );line-height:var( --e-global-typography-b13b038-line-height );letter-spacing:var( --e-global-typography-b13b038-letter-spacing );word-spacing:var( --e-global-typography-b13b038-word-spacing );color:var( --e-global-color-b8a61c2 );margin:0px 0px calc(var(--kit-widget-spacing, 0px) + 0px) 0px;}.elementor-822 .elementor-element.elementor-element-33ff687{--display:flex;--flex-direction:column;--container-widget-width:100%;--container-widget-height:initial;--container-widget-flex-grow:0;--container-widget-align-self:initial;--flex-wrap-mobile:wrap;}.elementor-822 .elementor-element.elementor-element-3ad8c12{text-align:center;}.elementor-822 .elementor-element.elementor-element-730a363{--display:flex;--flex-direction:column;--container-widget-width:100%;--container-widget-height:initial;--container-widget-flex-grow:0;--container-widget-align-self:initial;--flex-wrap-mobile:wrap;}.elementor-822 .elementor-element.elementor-element-3340db0{text-align:center;}@media(max-width:1024px) and (min-width:768px){.elementor-822 .elementor-element.elementor-element-2fcb11b9{width:100%;}}@media(max-width:1024px){.elementor-822 .elementor-element.elementor-element-5f9c84a7{padding:0px 0px 0px 0px;}.elementor-822 .elementor-element.elementor-element-1f082705 > .elementor-element-populated{margin:0px 0px 0px 0px;--e-column-margin-right:0px;--e-column-margin-left:0px;padding:0px 0px 0px 0px;}.elementor-822 .elementor-element.elementor-element-54015164 > .elementor-element-populated{padding:0px 10px 0px 10px;}.elementor-822 .elementor-element.elementor-element-1b0adcfc{padding:80px 30px 25px 30px;}.elementor-822 .elementor-element.elementor-element-2fcb11b9 > .elementor-element-populated{margin:0px 0px 20px 0px;--e-column-margin-right:0px;--e-column-margin-left:0px;padding:0px 10px 0px 10px;}.elementor-822 .elementor-element.elementor-element-2d3c54e .elementor-heading-title{font-size:var( --e-global-typography-bb09ac0-font-size );line-height:var( --e-global-typography-bb09ac0-line-height );letter-spacing:var( --e-global-typography-bb09ac0-letter-spacing );word-spacing:var( --e-global-typography-bb09ac0-word-spacing );}.elementor-822 .elementor-element.elementor-element-3da11a2{font-size:var( --e-global-typography-b13b038-font-size );line-height:var( --e-global-typography-b13b038-line-height );letter-spacing:var( --e-global-typography-b13b038-letter-spacing );word-spacing:var( --e-global-typography-b13b038-word-spacing );}}@media(max-width:767px){.elementor-822 .elementor-element.elementor-element-5f9c84a7{padding:0px 0px 0px 0px;}.elementor-822 .elementor-element.elementor-element-54015164 > .elementor-element-populated{padding:0px 20px 0px 10px;}.elementor-822 .elementor-element.elementor-element-705730fa .elementor-heading-title{font-size:27px;}.elementor-822 .elementor-element.elementor-element-1b0adcfc{padding:60px 20px 50px 20px;}.elementor-822 .elementor-element.elementor-element-2fcb11b9 > .elementor-element-populated{margin:0px 0px 0px 0px;--e-column-margin-right:0px;--e-column-margin-left:0px;padding:0px 0px 0px 0px;}.elementor-822 .elementor-element.elementor-element-2d3c54e .elementor-heading-title{font-size:var( --e-global-typography-bb09ac0-font-size );line-height:var( --e-global-typography-bb09ac0-line-height );letter-spacing:var( --e-global-typography-bb09ac0-letter-spacing );word-spacing:var( --e-global-typography-bb09ac0-word-spacing );}.elementor-822 .elementor-element.elementor-element-3da11a2{font-size:var( --e-global-typography-b13b038-font-size );line-height:var( --e-global-typography-b13b038-line-height );letter-spacing:var( --e-global-typography-b13b038-letter-spacing );word-spacing:var( --e-global-typography-b13b038-word-spacing );margin:0px 0px calc(var(--kit-widget-spacing, 0px) + 0px) 0px;}}@media(min-width:1025px){.elementor-822 .elementor-element.elementor-element-6e2217:not(.elementor-motion-effects-element-type-background), .elementor-822 .elementor-element.elementor-element-6e2217 > .elementor-motion-effects-container > .elementor-motion-effects-layer{background-attachment:fixed;}}<\/style>\t\t<div data-elementor-type=\"wp-page\" data-elementor-id=\"822\" class=\"elementor elementor-822\" data-elementor-post-type=\"page\">\n\t\t\t\t\t\t<section class=\"elementor-section elementor-top-section elementor-element elementor-element-5f9c84a7 elementor-section-full_width elementor-section-height-default elementor-section-height-default\" data-id=\"5f9c84a7\" data-element_type=\"section\" data-e-type=\"section\">\n\t\t\t\t\t\t<div class=\"elementor-container elementor-column-gap-no\">\n\t\t\t\t\t<div class=\"elementor-column elementor-col-100 elementor-top-column elementor-element elementor-element-1f082705\" data-id=\"1f082705\" data-element_type=\"column\" data-e-type=\"column\" data-settings=\"{&quot;background_background&quot;:&quot;slideshow&quot;,&quot;background_slideshow_ken_burns&quot;:&quot;yes&quot;,&quot;background_slideshow_gallery&quot;:[],&quot;background_slideshow_loop&quot;:&quot;yes&quot;,&quot;background_slideshow_slide_duration&quot;:5000,&quot;background_slideshow_slide_transition&quot;:&quot;fade&quot;,&quot;background_slideshow_transition_duration&quot;:500,&quot;background_slideshow_ken_burns_zoom_direction&quot;:&quot;in&quot;}\">\n\t\t\t<div class=\"elementor-widget-wrap elementor-element-populated\">\n\t\t\t\t\t\t<section class=\"elementor-section elementor-inner-section elementor-element elementor-element-6e2217 elementor-section-boxed elementor-section-height-default elementor-section-height-default\" data-id=\"6e2217\" data-element_type=\"section\" data-e-type=\"section\" data-settings=\"{&quot;background_background&quot;:&quot;classic&quot;}\">\n\t\t\t\t\t\t\t<div class=\"elementor-background-overlay\"><\/div>\n\t\t\t\t\t\t\t<div class=\"elementor-container elementor-column-gap-no\">\n\t\t\t\t\t<div class=\"elementor-column elementor-col-100 elementor-inner-column elementor-element elementor-element-54015164\" data-id=\"54015164\" data-element_type=\"column\" data-e-type=\"column\">\n\t\t\t<div class=\"elementor-widget-wrap elementor-element-populated\">\n\t\t\t\t\t\t<div class=\"elementor-element elementor-element-705730fa elementor-widget elementor-widget-heading\" data-id=\"705730fa\" data-element_type=\"widget\" data-e-type=\"widget\" data-widget_type=\"heading.default\">\n\t\t\t\t\t<h1 class=\"elementor-heading-title elementor-size-default\">FORMULAIRE DE R\u00c9SERVATION<\/h1>\t\t\t\t<\/div>\n\t\t\t\t<div class=\"elementor-element elementor-element-06e7c93 elementor-widget elementor-widget-text-editor\" data-id=\"06e7c93\" data-element_type=\"widget\" data-e-type=\"widget\" data-widget_type=\"text-editor.default\">\n\t\t\t\t\t\t\t\t\t<p><em>D\u00e8s r\u00e9ception de votre r\u00e9servation, nous vous contacterons dans les plus brefs d\u00e9lais pour confirmation. Nous nous r\u00e9jouissons de vous accueillir !<\/em><\/p>\t\t\t\t\t\t\t\t<\/div>\n\t\t\t\t\t<\/div>\n\t\t<\/div>\n\t\t\t\t\t<\/div>\n\t\t<\/section>\n\t\t\t\t\t<\/div>\n\t\t<\/div>\n\t\t\t\t\t<\/div>\n\t\t<\/section>\n\t\t\t\t<section class=\"elementor-section elementor-top-section elementor-element elementor-element-1b0adcfc elementor-section-boxed elementor-section-height-default elementor-section-height-default\" data-id=\"1b0adcfc\" data-element_type=\"section\" data-e-type=\"section\">\n\t\t\t\t\t\t<div class=\"elementor-container elementor-column-gap-no\">\n\t\t\t\t\t<div class=\"elementor-column elementor-col-100 elementor-top-column elementor-element elementor-element-2fcb11b9\" data-id=\"2fcb11b9\" data-element_type=\"column\" data-e-type=\"column\" data-settings=\"{&quot;background_background&quot;:&quot;classic&quot;}\">\n\t\t\t<div class=\"elementor-widget-wrap elementor-element-populated\">\n\t\t\t\t\t\t<div class=\"elementor-element elementor-element-2d3c54e elementor-widget elementor-widget-heading\" data-id=\"2d3c54e\" data-element_type=\"widget\" data-e-type=\"widget\" data-widget_type=\"heading.default\">\n\t\t\t\t\t<h2 class=\"elementor-heading-title elementor-size-default\">Formulaire de r\u00e9servation<\/h2>\t\t\t\t<\/div>\n\t\t\t\t<div class=\"elementor-element elementor-element-3da11a2 elementor-invisible elementor-widget elementor-widget-text-editor\" data-id=\"3da11a2\" data-element_type=\"widget\" data-e-type=\"widget\" data-settings=\"{&quot;_animation&quot;:&quot;flash&quot;}\" data-widget_type=\"text-editor.default\">\n\t\t\t\t\t\t\t\t\t<p>Bienvenue au Grand Pont<\/p>\t\t\t\t\t\t\t\t<\/div>\n\t\t\t\t<div class=\"elementor-element elementor-element-f604b12 elementor-widget elementor-widget-shortcode\" data-id=\"f604b12\" data-element_type=\"widget\" data-e-type=\"widget\" data-widget_type=\"shortcode.default\">\n\t\t\t\t\t\t\t<div class=\"elementor-shortcode\">\n<div class=\"wpcf7 no-js\" id=\"wpcf7-f3760-o1\" lang=\"nl-BE\" dir=\"ltr\" data-wpcf7-id=\"3760\">\n<div class=\"screen-reader-response\"><p role=\"status\" aria-live=\"polite\" aria-atomic=\"true\"><\/p> <ul><\/ul><\/div>\n<form action=\"\/fr\/wp-json\/wp\/v2\/pages\/822#wpcf7-f3760-o1\" method=\"post\" class=\"wpcf7-form init\" aria-label=\"Formulaire de contact\" novalidate=\"novalidate\" data-status=\"init\" data-trp-original-action=\"\/fr\/wp-json\/wp\/v2\/pages\/822#wpcf7-f3760-o1\">\n<fieldset class=\"hidden-fields-container\"><input type=\"hidden\" name=\"_wpcf7\" value=\"3760\" \/><input type=\"hidden\" name=\"_wpcf7_version\" value=\"6.1.5\" \/><input type=\"hidden\" name=\"_wpcf7_locale\" value=\"nl_BE\" \/><input type=\"hidden\" name=\"_wpcf7_unit_tag\" value=\"wpcf7-f3760-o1\" \/><input type=\"hidden\" name=\"_wpcf7_container_post\" value=\"0\" \/><input type=\"hidden\" name=\"_wpcf7_posted_data_hash\" value=\"\" \/>\n<\/fieldset>\n<div id=\"responsive-form\" class=\"clearfix\">\n\t<div class=\"form-row\">\n\t\t<div class=\"column-half\">\n\t\t\t<p><label> Pr\u00e9nom <span class=\"wpcf7-form-control-wrap\" data-name=\"your-surname\"><input size=\"40\" maxlength=\"400\" class=\"wpcf7-form-control wpcf7-text\" aria-invalid=\"false\" value=\"\" type=\"text\" name=\"your-surname\" \/><\/span> <\/label>\n\t\t\t<\/p>\n\t\t<\/div>\n\t\t<div class=\"column-half\">\n\t\t\t<p><label> Nom de famille <span class=\"red-asterisk\">*<\/span><span class=\"wpcf7-form-control-wrap\" data-name=\"your-name\"><input size=\"40\" maxlength=\"400\" class=\"wpcf7-form-control wpcf7-text wpcf7-validates-as-required\" aria-required=\"true\" aria-invalid=\"false\" value=\"\" type=\"text\" name=\"your-name\" \/><\/span> <\/label>\n\t\t\t<\/p>\n\t\t<\/div>\n\t<\/div>\n\t<div id=\"responsive-form\" class=\"clearfix\">\n\t\t<div class=\"form-row\">\n\t\t\t<div class=\"column-half\">\n\t\t\t\t<p><label> Adresse <span class=\"red-asterisk\">*<\/span><span class=\"wpcf7-form-control-wrap\" data-name=\"your-address\"><input size=\"40\" maxlength=\"400\" class=\"wpcf7-form-control wpcf7-text\" aria-invalid=\"false\" value=\"\" type=\"text\" name=\"your-address\" \/><\/span> <\/label>\n\t\t\t\t<\/p>\n\t\t\t<\/div>\n\t\t\t<div class=\"column-half\">\n\t\t\t\t<p><label> Localisation <span class=\"red-asterisk\">*<\/span><span class=\"wpcf7-form-control-wrap\" data-name=\"your-hometown\"><input size=\"40\" maxlength=\"400\" class=\"wpcf7-form-control wpcf7-text wpcf7-validates-as-required\" aria-required=\"true\" aria-invalid=\"false\" value=\"\" type=\"text\" name=\"your-hometown\" \/><\/span> <\/label>\n\t\t\t\t<\/p>\n\t\t\t<\/div>\n\t\t<\/div>\n\t\t<div id=\"responsive-form\" class=\"clearfix\">\n\t\t\t<div class=\"form-row\">\n\t\t\t\t<div class=\"column-half\">\n\t\t\t\t\t<p><label> Code postal <span class=\"red-asterisk\">*<\/span><span class=\"wpcf7-form-control-wrap\" data-name=\"your-postalcode\"><input size=\"40\" maxlength=\"400\" class=\"wpcf7-form-control wpcf7-text\" aria-invalid=\"false\" value=\"\" type=\"text\" name=\"your-postalcode\" \/><\/span> <\/label>\n\t\t\t\t\t<\/p>\n\t\t\t\t<\/div>\n\t\t\t\t<div class=\"column-half\">\n\t\t\t\t\t<p><label> Pays <span class=\"red-asterisk\">*<\/span><span class=\"wpcf7-form-control-wrap\" data-name=\"your-country\"><input size=\"40\" maxlength=\"400\" class=\"wpcf7-form-control wpcf7-text wpcf7-validates-as-required\" aria-required=\"true\" aria-invalid=\"false\" value=\"\" type=\"text\" name=\"your-country\" \/><\/span> <\/label>\n\t\t\t\t\t<\/p>\n\t\t\t\t<\/div>\n\t\t\t<\/div>\n\t\t\t<div class=\"form-row\">\n\t\t\t\t<div class=\"column-half\">\n\t\t\t\t\t<p><label> Adresse \u00e9lectronique <span class=\"red-asterisk\">*<\/span><span class=\"wpcf7-form-control-wrap\" data-name=\"your-email\"><input size=\"40\" maxlength=\"400\" class=\"wpcf7-form-control wpcf7-email wpcf7-validates-as-required wpcf7-text wpcf7-validates-as-email\" aria-required=\"true\" aria-invalid=\"false\" value=\"\" type=\"email\" name=\"your-email\" \/><\/span> <\/label>\n\t\t\t\t\t<\/p>\n\t\t\t\t<\/div>\n\t\t\t\t<div class=\"column-half\">\n\t\t\t\t\t<p><label> T\u00e9l\u00e9phone <span class=\"red-asterisk\">*<\/span><span class=\"wpcf7-form-control-wrap\" data-name=\"your-tel\"><input size=\"40\" maxlength=\"400\" class=\"wpcf7-form-control wpcf7-tel wpcf7-validates-as-required wpcf7-text wpcf7-validates-as-tel\" aria-required=\"true\" aria-invalid=\"false\" value=\"\" type=\"tel\" name=\"your-tel\" \/><\/span> <\/label>\n\t\t\t\t\t<\/p>\n\t\t\t\t<\/div>\n\t\t\t<\/div>\n\t\t\t<div class=\"form-row\">\n\t\t\t\t<div class=\"column-half\">\n\t\t\t\t\t<p><label> Date d'enregistrement <span class=\"red-asterisk\">*<\/span>        <span  class=\"wpcf7-form-control-wrap datepicker-388\" data-name=\"datepicker-388\">\n        \t<input size=\"40\" class=\"wpcf7-form-control wpcf7-datepicker wpcf7-validates-as-required datepicker gmdpcf_datepicker\" placeholder=\"JJ-MM-AAAA\" value=\"\" format=\"dd-mm-yy\" min_val=\"no_limit\" max_val=\"no_limit\" disable_weekdays=\"\" aria-required=\"true\" aria-invalid=\"false\" type=\"text\" name=\"datepicker-388\" \/>\n        \t\t\t<\/span>\n         <\/label>\n\t\t\t\t\t<\/p>\n\t\t\t\t<\/div>\n\t\t\t\t<div class=\"column-half\">\n\t\t\t\t\t<p><label> Date de sortie <span class=\"red-asterisk\">*<\/span>        <span  class=\"wpcf7-form-control-wrap datepicker-389\" data-name=\"datepicker-389\">\n        \t<input size=\"40\" class=\"wpcf7-form-control wpcf7-datepicker wpcf7-validates-as-required datepicker gmdpcf_datepicker\" placeholder=\"JJ-MM-AAAA\" value=\"\" format=\"dd-mm-yy\" min_val=\"no_limit\" max_val=\"no_limit\" disable_weekdays=\"\" aria-required=\"true\" aria-invalid=\"false\" type=\"text\" name=\"datepicker-389\" \/>\n        \t\t\t<\/span>\n         <\/label>\n\t\t\t\t\t<\/p>\n\t\t\t\t<\/div>\n\t\t\t<\/div>\n\t\t\t<div class=\"form-row\">\n\t\t\t\t<div class=\"column-half\">\n\t\t\t\t\t<p><label> Nombre d'adultes <span class=\"red-asterisk\">*<\/span><span class=\"wpcf7-form-control-wrap\" data-name=\"x-adults\"><input size=\"40\" maxlength=\"400\" class=\"wpcf7-form-control wpcf7-text wpcf7-validates-as-required\" aria-required=\"true\" aria-invalid=\"false\" value=\"\" type=\"text\" name=\"x-adults\" \/><\/span> <\/label>\n\t\t\t\t\t<\/p>\n\t\t\t\t<\/div>\n\t\t\t\t<div class=\"column-half\">\n\t\t\t\t\t<p><label> Nombre d'enfants <span class=\"red-asterisk\">*<\/span><span class=\"wpcf7-form-control-wrap\" data-name=\"x-kids\"><input size=\"40\" maxlength=\"400\" class=\"wpcf7-form-control wpcf7-text wpcf7-validates-as-required\" aria-required=\"true\" aria-invalid=\"false\" value=\"\" type=\"text\" name=\"x-kids\" \/><\/span> <\/label>\n\t\t\t\t\t<\/p>\n\t\t\t\t<\/div>\n\t\t\t<\/div>\n\t\t\t<div class=\"form-row\">\n\t\t\t\t<div class=\"column-half\">\n\t\t\t\t\t<p><label> Nombre de chiens <span class=\"wpcf7-form-control-wrap\" data-name=\"x-dogs\"><input size=\"40\" maxlength=\"400\" class=\"wpcf7-form-control wpcf7-text\" aria-invalid=\"false\" value=\"\" type=\"text\" name=\"x-dogs\" \/><\/span> <\/label>\n\t\t\t\t\t<\/p>\n\t\t\t\t<\/div>\n\t\t\t<\/div>\n\t\t\t<div class=\"form-row\">\n\t\t\t\t<div class=\"column-full\">\n\t\t\t\t\t<p><label> Si vous avez des questions ou des commentaires, n'h\u00e9sitez pas \u00e0 les transmettre ! <span class=\"wpcf7-form-control-wrap\" data-name=\"your-message\"><textarea cols=\"40\" rows=\"4\" maxlength=\"2000\" class=\"wpcf7-form-control wpcf7-textarea\" aria-invalid=\"false\" name=\"your-message\"><\/textarea><\/span> <\/label>\n\t\t\t\t\t<\/p>\n\t\t\t\t<\/div>\n\t\t\t<\/div>\n\t\t\t<p><span class=\"wpcf7-form-control-wrap\" data-name=\"accept-this\"><span class=\"wpcf7-form-control wpcf7-acceptance\"><span class=\"wpcf7-list-item\"><label><input type=\"checkbox\" name=\"accept-this\" value=\"1\" aria-invalid=\"false\" \/><span class=\"wpcf7-list-item-label\">J'accepte les termes et conditions de <a href=\"https:\/\/www.legrandpont.be\/fr\/algemene-voorwaarden\/\">Conditions g\u00e9n\u00e9rales d'utilisation<\/a> Depuis le B&amp;B Le Grand Pont.<\/span><\/label><\/span><\/span><\/span>\n\t\t\t<\/p>\n\t\t\t<div>\n\t\t\t<div class=\"wpcf7-turnstile cf-turnstile\" data-sitekey=\"0x4AAAAAACkb93an-4jCmCen\" data-response-field-name=\"_wpcf7_turnstile_response\"><\/div>\n\t\t\t\t<p><input class=\"wpcf7-form-control wpcf7-submit has-spinner\" type=\"submit\" value=\"Envoyer\" \/>\n\t\t\t\t<\/p>\n\t\t\t<\/div>\n\t\t<\/div>\n\t<\/div>\n<\/div><p style=\"display: none !important;\" class=\"akismet-fields-container\" data-prefix=\"_wpcf7_ak_\"><label>\u0394<textarea name=\"_wpcf7_ak_hp_textarea\" cols=\"45\" rows=\"8\" maxlength=\"100\"><\/textarea><\/label><input type=\"hidden\" id=\"ak_js_1\" name=\"_wpcf7_ak_js\" value=\"141\"\/><script>document.getElementById( \"ak_js_1\" ).setAttribute( \"value\", ( new Date() ).getTime() );<\/script><\/p><input type='hidden' class='wpcf7-pum' value='{\"closepopup\":false,\"closedelay\":0,\"openpopup\":false,\"openpopup_id\":0}' \/><div class=\"wpcf7-response-output\" aria-hidden=\"true\"><\/div>\n<input type=\"hidden\" name=\"trp-form-language\" value=\"fr\"\/><\/form>\n<\/div>\n<\/div>\n\t\t\t\t\t\t<\/div>\n\t\t\t\t\t<\/div>\n\t\t<\/div>\n\t\t\t\t\t<\/div>\n\t\t<\/section>\n\t\t<div class=\"elementor-element elementor-element-33ff687 elementor-hidden-desktop elementor-hidden-tablet elementor-hidden-mobile e-flex e-con-boxed e-con e-parent\" data-id=\"33ff687\" data-element_type=\"container\" data-e-type=\"container\">\n\t\t\t\t\t<div class=\"e-con-inner\">\n\t\t\t\t<div class=\"elementor-element elementor-element-3ad8c12 elementor-widget elementor-widget-heading\" data-id=\"3ad8c12\" data-element_type=\"widget\" data-e-type=\"widget\" data-widget_type=\"heading.default\">\n\t\t\t\t\t<h2 class=\"elementor-heading-title elementor-size-default\"><a href=\"https:\/\/www.vielsalm.be\/\" target=\"_blank\" rel=\"noopener\">Vielsalm.be<\/a><\/h2>\t\t\t\t<\/div>\n\t\t\t\t\t<\/div>\n\t\t\t\t<\/div>\n\t\t<div class=\"elementor-element elementor-element-730a363 elementor-hidden-desktop elementor-hidden-tablet elementor-hidden-mobile e-flex e-con-boxed e-con e-parent\" data-id=\"730a363\" data-element_type=\"container\" data-e-type=\"container\">\n\t\t\t\t\t<div class=\"e-con-inner\">\n\t\t\t\t<div class=\"elementor-element elementor-element-3340db0 elementor-widget elementor-widget-heading\" data-id=\"3340db0\" data-element_type=\"widget\" data-e-type=\"widget\" data-widget_type=\"heading.default\">\n\t\t\t\t\t<h2 class=\"elementor-heading-title elementor-size-default\"><a href=\"https:\/\/www.legrandpont.be\/fr\/\" target=\"_blank\">Vielsalm.be<\/a><\/h2>\t\t\t\t<\/div>\n\t\t\t\t\t<\/div>\n\t\t\t\t<\/div>\n\t\t\t\t<\/div>","protected":false},"excerpt":{"rendered":"<p>RESERVATIEFORMULIER Na ontvangst van uw reservatie nemen wij zo snel mogelijk contact met u op ter bevestiging. Wij kijken ernaar uit u te mogen verwelkomen! Reservatieformulier Welkom bij Le Grand Pont Vielsalm.be Vielsalm.be<\/p>","protected":false},"author":1,"featured_media":1008,"parent":0,"menu_order":0,"comment_status":"closed","ping_status":"closed","template":"elementor_header_footer","meta":{"footnotes":""},"class_list":["post-822","page","type-page","status-publish","has-post-thumbnail","hentry"],"_links":{"self":[{"href":"https:\/\/www.legrandpont.be\/fr\/wp-json\/wp\/v2\/pages\/822","targetHints":{"allow":["GET"]}}],"collection":[{"href":"https:\/\/www.legrandpont.be\/fr\/wp-json\/wp\/v2\/pages"}],"about":[{"href":"https:\/\/www.legrandpont.be\/fr\/wp-json\/wp\/v2\/types\/page"}],"author":[{"embeddable":true,"href":"https:\/\/www.legrandpont.be\/fr\/wp-json\/wp\/v2\/users\/1"}],"replies":[{"embeddable":true,"href":"https:\/\/www.legrandpont.be\/fr\/wp-json\/wp\/v2\/comments?post=822"}],"version-history":[{"count":81,"href":"https:\/\/www.legrandpont.be\/fr\/wp-json\/wp\/v2\/pages\/822\/revisions"}],"predecessor-version":[{"id":3774,"href":"https:\/\/www.legrandpont.be\/fr\/wp-json\/wp\/v2\/pages\/822\/revisions\/3774"}],"wp:featuredmedia":[{"embeddable":true,"href":"https:\/\/www.legrandpont.be\/fr\/wp-json\/wp\/v2\/media\/1008"}],"wp:attachment":[{"href":"https:\/\/www.legrandpont.be\/fr\/wp-json\/wp\/v2\/media?parent=822"}],"curies":[{"name":"wp","href":"https:\/\/api.w.org\/{rel}","templated":true}]}}