{"id":1232,"date":"2025-10-08T20:57:35","date_gmt":"2025-10-08T18:57:35","guid":{"rendered":"https:\/\/www.legrandpont.be\/?page_id=1232"},"modified":"2025-10-18T10:56:41","modified_gmt":"2025-10-18T08:56:41","slug":"privacy-cookies","status":"publish","type":"page","link":"https:\/\/www.legrandpont.be\/de\/privacy-cookies\/","title":{"rendered":"Datenschutz &amp; Cookies"},"content":{"rendered":"<style>.elementor-1232 .elementor-element.elementor-element-99bc4f1{padding:0px 35px 0px 35px;}.elementor-1232 .elementor-element.elementor-element-d34db92.elementor-column > .elementor-widget-wrap{justify-content:center;}.elementor-1232 .elementor-element.elementor-element-d34db92 .elementor-background-slideshow__slide__image{background-size:cover;background-position:center center;}.elementor-1232 .elementor-element.elementor-element-d34db92 > .elementor-element-populated{transition:background 0.3s, border 0.3s, border-radius 0.3s, box-shadow 0.3s;margin:0px 0px 0px 0px;--e-column-margin-right:0px;--e-column-margin-left:0px;padding:0px 0px 0px 0px;}.elementor-1232 .elementor-element.elementor-element-d34db92 > .elementor-element-populated > .elementor-background-overlay{transition:background 0.3s, border-radius 0.3s, opacity 0.3s;}.elementor-1232 .elementor-element.elementor-element-8cd0a64 > .elementor-container{max-width:620px;}.elementor-1232 .elementor-element.elementor-element-8cd0a64:not(.elementor-motion-effects-element-type-background), .elementor-1232 .elementor-element.elementor-element-8cd0a64 > .elementor-motion-effects-container > .elementor-motion-effects-layer{background-image:url(\"https:\/\/www.legrandpont.be\/wp-content\/uploads\/2025\/10\/algemene-voorwaardenI.webp\");background-repeat:no-repeat;background-size:cover;}.elementor-1232 .elementor-element.elementor-element-8cd0a64 > .elementor-background-overlay{background-color:#000000;opacity:0.6;transition:background 0.3s, border-radius 0.3s, opacity 0.3s;}.elementor-1232 .elementor-element.elementor-element-8cd0a64{transition:background 0.3s, border 0.3s, border-radius 0.3s, box-shadow 0.3s;padding:80px 0px 80px 0px;}.elementor-1232 .elementor-element.elementor-element-0fc94a3 > .elementor-element-populated{margin:0px 0px 0px 0px;--e-column-margin-right:0px;--e-column-margin-left:0px;}.elementor-1232 .elementor-element.elementor-element-bf8d97c{text-align:center;}.elementor-1232 .elementor-element.elementor-element-bf8d97c .elementor-heading-title{font-family:var( --e-global-typography-bb09ac0-font-family ), Sans-serif;font-size:var( --e-global-typography-bb09ac0-font-size );font-weight:var( --e-global-typography-bb09ac0-font-weight );text-transform:var( --e-global-typography-bb09ac0-text-transform );line-height:var( --e-global-typography-bb09ac0-line-height );letter-spacing:var( --e-global-typography-bb09ac0-letter-spacing );word-spacing:var( --e-global-typography-bb09ac0-word-spacing );color:#FFFFFF;}.elementor-1232 .elementor-element.elementor-element-968980e{text-align:center;font-family:\"Karla\", Sans-serif;font-size:16px;font-weight:400;color:#FFFFFF;margin:10px 0px calc(var(--kit-widget-spacing, 0px) + 0px) 0px;}.elementor-1232 .elementor-element.elementor-element-649df6b2 > .elementor-container{max-width:1000px;}.elementor-1232 .elementor-element.elementor-element-649df6b2{padding:80px 60px 100px 60px;}.elementor-1232 .elementor-element.elementor-element-42f3f57f > .elementor-element-populated{transition:background 0.3s, border 0.3s, border-radius 0.3s, box-shadow 0.3s;margin:0px 0px 0px 0px;--e-column-margin-right:0px;--e-column-margin-left:0px;padding:0px 0px 0px 0px;}.elementor-1232 .elementor-element.elementor-element-42f3f57f > .elementor-element-populated > .elementor-background-overlay{transition:background 0.3s, border-radius 0.3s, opacity 0.3s;}.elementor-1232 .elementor-element.elementor-element-619380e{text-align:start;}.elementor-1232 .elementor-element.elementor-element-619380e .elementor-heading-title{font-family:var( --e-global-typography-bb09ac0-font-family ), Sans-serif;font-size:var( --e-global-typography-bb09ac0-font-size );font-weight:var( --e-global-typography-bb09ac0-font-weight );text-transform:var( --e-global-typography-bb09ac0-text-transform );line-height:var( --e-global-typography-bb09ac0-line-height );letter-spacing:var( --e-global-typography-bb09ac0-letter-spacing );word-spacing:var( --e-global-typography-bb09ac0-word-spacing );color:var( --e-global-color-8903f70 );}.elementor-1232 .elementor-element.elementor-element-5dc9e1f1{text-align:start;line-height:25px;color:var( --e-global-color-text );margin:25px 0px calc(var(--kit-widget-spacing, 0px) + 0px) 0px;}.elementor-1232 .elementor-element.elementor-element-cefd19c{--display:flex;--flex-direction:column;--container-widget-width:100%;--container-widget-height:initial;--container-widget-flex-grow:0;--container-widget-align-self:initial;--flex-wrap-mobile:wrap;}.elementor-1232 .elementor-element.elementor-element-e7025f7{text-align:center;}@media(max-width:1024px){.elementor-1232 .elementor-element.elementor-element-99bc4f1{margin-top:0px;margin-bottom:0px;padding:0px 0px 0px 0px;}.elementor-1232 .elementor-element.elementor-element-d34db92 > .elementor-element-populated{margin:0px 0px 0px 0px;--e-column-margin-right:0px;--e-column-margin-left:0px;padding:0px 0px 0px 0px;}.elementor-1232 .elementor-element.elementor-element-0fc94a3 > .elementor-element-populated{padding:0px 40px 0px 40px;}.elementor-1232 .elementor-element.elementor-element-bf8d97c .elementor-heading-title{font-size:var( --e-global-typography-bb09ac0-font-size );line-height:var( --e-global-typography-bb09ac0-line-height );letter-spacing:var( --e-global-typography-bb09ac0-letter-spacing );word-spacing:var( --e-global-typography-bb09ac0-word-spacing );}.elementor-1232 .elementor-element.elementor-element-649df6b2{padding:80px 30px 25px 30px;}.elementor-1232 .elementor-element.elementor-element-42f3f57f > .elementor-element-populated{margin:0px 0px 20px 0px;--e-column-margin-right:0px;--e-column-margin-left:0px;padding:0px 10px 0px 10px;}.elementor-1232 .elementor-element.elementor-element-619380e .elementor-heading-title{font-size:var( --e-global-typography-bb09ac0-font-size );line-height:var( --e-global-typography-bb09ac0-line-height );letter-spacing:var( --e-global-typography-bb09ac0-letter-spacing );word-spacing:var( --e-global-typography-bb09ac0-word-spacing );}}@media(max-width:767px){.elementor-1232 .elementor-element.elementor-element-bf8d97c .elementor-heading-title{font-size:var( --e-global-typography-bb09ac0-font-size );line-height:var( --e-global-typography-bb09ac0-line-height );letter-spacing:var( --e-global-typography-bb09ac0-letter-spacing );word-spacing:var( --e-global-typography-bb09ac0-word-spacing );}.elementor-1232 .elementor-element.elementor-element-42f3f57f > .elementor-element-populated{margin:0px 0px 20px 0px;--e-column-margin-right:0px;--e-column-margin-left:0px;}.elementor-1232 .elementor-element.elementor-element-619380e .elementor-heading-title{font-size:var( --e-global-typography-bb09ac0-font-size );line-height:var( --e-global-typography-bb09ac0-line-height );letter-spacing:var( --e-global-typography-bb09ac0-letter-spacing );word-spacing:var( --e-global-typography-bb09ac0-word-spacing );}.elementor-1232 .elementor-element.elementor-element-5dc9e1f1{margin:0px 0px calc(var(--kit-widget-spacing, 0px) + -15px) 0px;}}@media(min-width:768px){.elementor-1232 .elementor-element.elementor-element-42f3f57f{width:100%;}}@media(max-width:1024px) and (min-width:768px){.elementor-1232 .elementor-element.elementor-element-42f3f57f{width:100%;}}@media(min-width:1025px){.elementor-1232 .elementor-element.elementor-element-8cd0a64:not(.elementor-motion-effects-element-type-background), .elementor-1232 .elementor-element.elementor-element-8cd0a64 > .elementor-motion-effects-container > .elementor-motion-effects-layer{background-attachment:fixed;}}<\/style>\t\t<div data-elementor-type=\"wp-page\" data-elementor-id=\"1232\" class=\"elementor elementor-1232\" data-elementor-post-type=\"page\">\n\t\t\t\t\t\t<section class=\"elementor-section elementor-top-section elementor-element elementor-element-99bc4f1 elementor-section-full_width elementor-section-height-default elementor-section-height-default\" data-id=\"99bc4f1\" data-element_type=\"section\" data-e-type=\"section\">\n\t\t\t\t\t\t<div class=\"elementor-container elementor-column-gap-no\">\n\t\t\t\t\t<div class=\"elementor-column elementor-col-100 elementor-top-column elementor-element elementor-element-d34db92\" data-id=\"d34db92\" data-element_type=\"column\" data-e-type=\"column\" data-settings=\"{&quot;background_background&quot;:&quot;slideshow&quot;,&quot;background_slideshow_ken_burns&quot;:&quot;yes&quot;,&quot;background_slideshow_gallery&quot;:[],&quot;background_slideshow_loop&quot;:&quot;yes&quot;,&quot;background_slideshow_slide_duration&quot;:5000,&quot;background_slideshow_slide_transition&quot;:&quot;fade&quot;,&quot;background_slideshow_transition_duration&quot;:500,&quot;background_slideshow_ken_burns_zoom_direction&quot;:&quot;in&quot;}\">\n\t\t\t<div class=\"elementor-widget-wrap elementor-element-populated\">\n\t\t\t\t\t\t<section class=\"elementor-section elementor-inner-section elementor-element elementor-element-8cd0a64 elementor-section-boxed elementor-section-height-default elementor-section-height-default\" data-id=\"8cd0a64\" data-element_type=\"section\" data-e-type=\"section\" data-settings=\"{&quot;background_background&quot;:&quot;classic&quot;}\">\n\t\t\t\t\t\t\t<div class=\"elementor-background-overlay\"><\/div>\n\t\t\t\t\t\t\t<div class=\"elementor-container elementor-column-gap-no\">\n\t\t\t\t\t<div class=\"elementor-column elementor-col-100 elementor-inner-column elementor-element elementor-element-0fc94a3\" data-id=\"0fc94a3\" data-element_type=\"column\" data-e-type=\"column\">\n\t\t\t<div class=\"elementor-widget-wrap elementor-element-populated\">\n\t\t\t\t\t\t<div class=\"elementor-element elementor-element-bf8d97c elementor-widget elementor-widget-heading\" data-id=\"bf8d97c\" data-element_type=\"widget\" data-e-type=\"widget\" data-widget_type=\"heading.default\">\n\t\t\t\t\t<h1 class=\"elementor-heading-title elementor-size-default\">DATENSCHUTZ UND COOKIES<\/h1>\t\t\t\t<\/div>\n\t\t\t\t<div class=\"elementor-element elementor-element-968980e elementor-widget elementor-widget-text-editor\" data-id=\"968980e\" data-element_type=\"widget\" data-e-type=\"widget\" data-widget_type=\"text-editor.default\">\n\t\t\t\t\t\t\t\t\t<p><em>Wir sch\u00e4tzen Ihre Privatsph\u00e4re Diese Website verwendet Cookies, um die Benutzerfreundlichkeit zu verbessern und Statistiken zu erstellen.<\/em><\/p>\t\t\t\t\t\t\t\t<\/div>\n\t\t\t\t\t<\/div>\n\t\t<\/div>\n\t\t\t\t\t<\/div>\n\t\t<\/section>\n\t\t\t\t\t<\/div>\n\t\t<\/div>\n\t\t\t\t\t<\/div>\n\t\t<\/section>\n\t\t\t\t<section class=\"elementor-section elementor-top-section elementor-element elementor-element-649df6b2 elementor-section-boxed elementor-section-height-default elementor-section-height-default\" data-id=\"649df6b2\" data-element_type=\"section\" data-e-type=\"section\">\n\t\t\t\t\t\t<div class=\"elementor-container elementor-column-gap-no\">\n\t\t\t\t\t<div class=\"elementor-column elementor-col-100 elementor-top-column elementor-element elementor-element-42f3f57f\" data-id=\"42f3f57f\" data-element_type=\"column\" data-e-type=\"column\" data-settings=\"{&quot;background_background&quot;:&quot;classic&quot;}\">\n\t\t\t<div class=\"elementor-widget-wrap elementor-element-populated\">\n\t\t\t\t\t\t<div class=\"elementor-element elementor-element-619380e elementor-widget elementor-widget-heading\" data-id=\"619380e\" data-element_type=\"widget\" data-e-type=\"widget\" data-widget_type=\"heading.default\">\n\t\t\t\t\t<h2 class=\"elementor-heading-title elementor-size-default\">DATENSCHUTZ UND COOKIES<\/h2>\t\t\t\t<\/div>\n\t\t\t\t<div class=\"elementor-element elementor-element-5dc9e1f1 elementor-widget elementor-widget-text-editor\" data-id=\"5dc9e1f1\" data-element_type=\"widget\" data-e-type=\"widget\" data-widget_type=\"text-editor.default\">\n\t\t\t\t\t\t\t\t\t<section><div><p><strong>Das B&amp;B Le Grand Pont in der Rue de la Bouvi\u00e8re 19, 6690 Vielsalm, Belgien, ist zust\u00e4ndig f\u00fcr die<\/strong><b>f\u00fcr die Verarbeitung personenbezogener Daten im Sinne dieses Datenschutzabkommens verantwortlich<\/b><strong>y Erkl\u00e4rung.<\/strong><\/p><p><strong>Kontaktinformationen:<\/strong><\/p><section><div><p style=\"padding-left: 40px;\"><strong>B&amp;B Le Grand Pont<\/strong><br \/>Rue de la Bouvi\u00e8re 19<br \/>B-6690 Vielsalm<br \/>Belgien<\/p><p style=\"padding-left: 40px;\"><strong>Gert Van den Eede<\/strong><br \/>Mobiltelefon: +32 476 591 000<br \/>Website: <a href=\"https:\/\/www.legrandpont.be\/de\/\">www.legrandpont.be<\/a><br \/>E-Mail:\u00a0<a href=\"mailto:info@legrandpont.be\">info@legrandpont.be<\/a><\/p><p style=\"padding-left: 40px;\">MEHRWERTSTEUER: BE 0880.401.593<br \/>Kontonummer: Argenta: BE08 9796 5140 4313 - BIC: ARSPBE22<\/p><\/div><\/section><div>\u00a0<\/div><section><div><p><strong>1. Personenbezogene Daten, die wir verarbeiten<\/strong><\/p><p>B&amp;B Le Grand Pont verarbeitet Ihre personenbezogenen Daten, weil Sie unsere Dienste in Anspruch nehmen und\/oder weil Sie sie uns selbst zur Verf\u00fcgung stellen. Im Folgenden finden Sie einen \u00dcberblick \u00fcber die personenbezogenen Daten, die wir verarbeiten:<\/p><p>- Vorname und Nachname<br \/>- Angaben zur Adresse<br \/>- Rufnummer<br \/>- E-Mail Adresse<\/p><\/div><\/section><div>\u00a0<\/div><section><div><p><strong>2. Zu welchem Zweck und auf welcher Grundlage wir personenbezogene Daten verarbeiten<\/strong><\/p><p>B&amp;B Le Grand Pont verarbeitet Ihre pers\u00f6nlichen Daten, um Sie anzurufen oder Ihnen eine E-Mail zu schicken, wenn dies f\u00fcr die Erbringung unserer Dienstleistungen erforderlich ist.<\/p><\/div><\/section><div>\u00a0<\/div><section><div><p><strong>3. Automatisierte Entscheidungsfindung<\/strong><\/p><p>B&amp;B Le Grand Pont trifft keine Entscheidungen auf der Grundlage einer automatisierten Verarbeitung \u00fcber Angelegenheiten, die Einzelpersonen (erheblich) beeintr\u00e4chtigen k\u00f6nnten. Dies sind Entscheidungen, die von Computerprogrammen oder -systemen getroffen werden, ohne dass ein Mensch (z. B. ein Mitarbeiter von B&amp;B Le Grand Pont) daran beteiligt ist.<\/p><\/div><\/section><div>\u00a0<\/div><section><div><p><strong>4. Wie lange wir personenbezogene Daten aufbewahren<\/strong><\/p><p>Das B&amp;B Le Grand Pont bewahrt Ihre pers\u00f6nlichen Daten nicht l\u00e4nger auf, als es f\u00fcr die Erf\u00fcllung der Zwecke, f\u00fcr die sie erhoben wurden, unbedingt erforderlich ist. Ihre personenbezogenen Daten werden nur bis zum Ende Ihres Aufenthalts aufbewahrt.<\/p><\/div><\/section><div>\u00a0<\/div><section><div><p><strong>5. Weitergabe personenbezogener Daten an Dritte<\/strong><\/p><p>B&amp;B Le Grand Pont stellt die Daten nur Dritten zur Verf\u00fcgung und nur dann, wenn dies f\u00fcr die Erf\u00fcllung unserer Vereinbarung mit Ihnen oder zur Erf\u00fcllung einer gesetzlichen Verpflichtung erforderlich ist.<\/p><\/div><\/section><div>\u00a0<\/div><section><div><p><strong>6. Cookies oder \u00e4hnliche Techniken, die wir verwenden<\/strong><\/p><p>B&amp;B Le Grand Pont verwendet keine Cookies oder \u00e4hnliche Technologien.<\/p><\/div><\/section><div>\u00a0<\/div><section><div><p><strong>7. Daten ansehen, \u00e4ndern oder l\u00f6schen<\/strong><\/p><p>Sie haben das Recht auf Zugang, Berichtigung oder L\u00f6schung Ihrer personenbezogenen Daten. Dar\u00fcber hinaus haben Sie das Recht, Ihre eventuelle Zustimmung zur Datenverarbeitung zur\u00fcckzuziehen oder der Verarbeitung Ihrer personenbezogenen Daten durch B&amp;B Le Grand Pont zu widersprechen, und Sie haben das Recht auf Daten\u00fcbertragbarkeit. Das bedeutet, dass Sie bei uns beantragen k\u00f6nnen, dass die personenbezogenen Daten, die wir \u00fcber Sie in einer Computerdatei gespeichert haben, an Sie oder eine andere von Ihnen benannte Organisation \u00fcbermittelt werden. Sie k\u00f6nnen einen Antrag auf Einsichtnahme, Berichtigung, L\u00f6schung oder \u00dcbertragung Ihrer personenbezogenen Daten oder einen Antrag auf Widerruf Ihrer Einwilligung oder Widerspruch gegen die Verarbeitung Ihrer personenbezogenen Daten an folgende Adresse senden\u00a0<a href=\"mailto:info@legrandpont.be\" target=\"_blank\" rel=\"noopener\">info@legrandpont.be<\/a>. Wir werden Ihre Anfrage so schnell wie m\u00f6glich, jedoch innerhalb von vier Wochen, beantworten.<\/p><\/div><\/section><div>\u00a0<\/div><section><div><p><strong>8. Wie wir personenbezogene Daten sch\u00fctzen<\/strong><\/p><p>B&amp;B Le Grand Pont nimmt den Schutz Ihrer Daten ernst und ergreift geeignete Ma\u00dfnahmen, um Missbrauch, Verlust, unbefugten Zugriff, unerw\u00fcnschte Offenlegung und unbefugte \u00c4nderung zu verhindern. Wenn Sie den Eindruck haben, dass Ihre Daten nicht ordnungsgem\u00e4\u00df gesichert sind oder es Anzeichen f\u00fcr einen Missbrauch gibt, wenden Sie sich bitte an unseren Kundendienst oder \u00fcber <a href=\"mailto:info@legrandpont.be\">info@legrandpont.be<\/a><\/p><\/div><\/section><\/div><\/section><div>\u00a0<\/div>\t\t\t\t\t\t\t\t<\/div>\n\t\t\t\t\t<\/div>\n\t\t<\/div>\n\t\t\t\t\t<\/div>\n\t\t<\/section>\n\t\t<div class=\"elementor-element elementor-element-cefd19c elementor-hidden-desktop elementor-hidden-tablet elementor-hidden-mobile e-flex e-con-boxed e-con e-parent\" data-id=\"cefd19c\" data-element_type=\"container\" data-e-type=\"container\">\n\t\t\t\t\t<div class=\"e-con-inner\">\n\t\t\t\t<div class=\"elementor-element elementor-element-e7025f7 elementor-widget elementor-widget-heading\" data-id=\"e7025f7\" data-element_type=\"widget\" data-e-type=\"widget\" data-widget_type=\"heading.default\">\n\t\t\t\t\t<h2 class=\"elementor-heading-title elementor-size-default\"><a href=\"https:\/\/www.vielsalm.be\/\" target=\"_blank\" rel=\"noopener\">Vielsalm.be<\/a><\/h2>\t\t\t\t<\/div>\n\t\t\t\t\t<\/div>\n\t\t\t\t<\/div>\n\t\t\t\t<\/div>","protected":false},"excerpt":{"rendered":"<p>PRIVACY &amp; COOKIES Wij hechten veel waarde aan uw privacy. Deze website gebruikt cookies om uw gebruikservaring te verbeteren en statistieken bij te houden. PRIVACY &amp; COOKIES B&amp;B Le Grand Pont, gevestigd aan\u00a0Rue de la Bouvi\u00e8re 19, 6690 Vielsalm,\u00a0Belgi\u00eb, is verantwoordelijk voor de verwerking van persoonsgegevens zoals weergegeven in deze privacyverklaring. Contactgegevens: B&amp;B Le Grand [&hellip;]<\/p>\n","protected":false},"author":1,"featured_media":3302,"parent":0,"menu_order":0,"comment_status":"closed","ping_status":"closed","template":"elementor_header_footer","meta":{"footnotes":""},"class_list":["post-1232","page","type-page","status-publish","has-post-thumbnail","hentry"],"_links":{"self":[{"href":"https:\/\/www.legrandpont.be\/de\/wp-json\/wp\/v2\/pages\/1232","targetHints":{"allow":["GET"]}}],"collection":[{"href":"https:\/\/www.legrandpont.be\/de\/wp-json\/wp\/v2\/pages"}],"about":[{"href":"https:\/\/www.legrandpont.be\/de\/wp-json\/wp\/v2\/types\/page"}],"author":[{"embeddable":true,"href":"https:\/\/www.legrandpont.be\/de\/wp-json\/wp\/v2\/users\/1"}],"replies":[{"embeddable":true,"href":"https:\/\/www.legrandpont.be\/de\/wp-json\/wp\/v2\/comments?post=1232"}],"version-history":[{"count":59,"href":"https:\/\/www.legrandpont.be\/de\/wp-json\/wp\/v2\/pages\/1232\/revisions"}],"predecessor-version":[{"id":3804,"href":"https:\/\/www.legrandpont.be\/de\/wp-json\/wp\/v2\/pages\/1232\/revisions\/3804"}],"wp:featuredmedia":[{"embeddable":true,"href":"https:\/\/www.legrandpont.be\/de\/wp-json\/wp\/v2\/media\/3302"}],"wp:attachment":[{"href":"https:\/\/www.legrandpont.be\/de\/wp-json\/wp\/v2\/media?parent=1232"}],"curies":[{"name":"wp","href":"https:\/\/api.w.org\/{rel}","templated":true}]}}