{"id":1201,"date":"2025-10-08T19:49:15","date_gmt":"2025-10-08T17:49:15","guid":{"rendered":"https:\/\/www.legrandpont.be\/?page_id=1201"},"modified":"2026-02-10T08:36:17","modified_gmt":"2026-02-10T07:36:17","slug":"algemene-voorwaarden","status":"publish","type":"page","link":"https:\/\/www.legrandpont.be\/de\/algemene-voorwaarden\/","title":{"rendered":"Allgemeine Bedingungen und Konditionen"},"content":{"rendered":"<style>.elementor-1201 .elementor-element.elementor-element-99bc4f1{padding:0px 35px 0px 35px;}.elementor-1201 .elementor-element.elementor-element-d34db92.elementor-column > .elementor-widget-wrap{justify-content:center;}.elementor-1201 .elementor-element.elementor-element-d34db92 .elementor-background-slideshow__slide__image{background-size:cover;background-position:center center;}.elementor-1201 .elementor-element.elementor-element-d34db92 > .elementor-element-populated{transition:background 0.3s, border 0.3s, border-radius 0.3s, box-shadow 0.3s;margin:0px 0px 0px 0px;--e-column-margin-right:0px;--e-column-margin-left:0px;padding:0px 0px 0px 0px;}.elementor-1201 .elementor-element.elementor-element-d34db92 > .elementor-element-populated > .elementor-background-overlay{transition:background 0.3s, border-radius 0.3s, opacity 0.3s;}.elementor-1201 .elementor-element.elementor-element-8cd0a64 > .elementor-container{max-width:620px;}.elementor-1201 .elementor-element.elementor-element-8cd0a64:not(.elementor-motion-effects-element-type-background), .elementor-1201 .elementor-element.elementor-element-8cd0a64 > .elementor-motion-effects-container > .elementor-motion-effects-layer{background-image:url(\"https:\/\/www.legrandpont.be\/wp-content\/uploads\/2025\/10\/algemene-voorwaardenI.webp\");background-repeat:no-repeat;background-size:cover;}.elementor-1201 .elementor-element.elementor-element-8cd0a64 > .elementor-background-overlay{background-color:#000000;opacity:0.6;transition:background 0.3s, border-radius 0.3s, opacity 0.3s;}.elementor-1201 .elementor-element.elementor-element-8cd0a64{transition:background 0.3s, border 0.3s, border-radius 0.3s, box-shadow 0.3s;padding:80px 0px 80px 0px;}.elementor-1201 .elementor-element.elementor-element-0fc94a3 > .elementor-element-populated{margin:0px 0px 0px 0px;--e-column-margin-right:0px;--e-column-margin-left:0px;}.elementor-1201 .elementor-element.elementor-element-bf8d97c{text-align:center;}.elementor-1201 .elementor-element.elementor-element-bf8d97c .elementor-heading-title{font-family:var( --e-global-typography-bb09ac0-font-family ), Sans-serif;font-size:var( --e-global-typography-bb09ac0-font-size );font-weight:var( --e-global-typography-bb09ac0-font-weight );text-transform:var( --e-global-typography-bb09ac0-text-transform );line-height:var( --e-global-typography-bb09ac0-line-height );letter-spacing:var( --e-global-typography-bb09ac0-letter-spacing );word-spacing:var( --e-global-typography-bb09ac0-word-spacing );color:#FFFFFF;}.elementor-1201 .elementor-element.elementor-element-968980e{text-align:center;font-family:\"Karla\", Sans-serif;font-size:16px;font-weight:400;color:#FFFFFF;margin:10px 0px calc(var(--kit-widget-spacing, 0px) + 0px) 0px;}.elementor-1201 .elementor-element.elementor-element-649df6b2 > .elementor-container{max-width:1290px;}.elementor-1201 .elementor-element.elementor-element-649df6b2{padding:80px 60px 50px 60px;}.elementor-1201 .elementor-element.elementor-element-42f3f57f > .elementor-element-populated{transition:background 0.3s, border 0.3s, border-radius 0.3s, box-shadow 0.3s;margin:0px 0px 0px 0px;--e-column-margin-right:0px;--e-column-margin-left:0px;padding:0px 0px 0px 0px;}.elementor-1201 .elementor-element.elementor-element-42f3f57f > .elementor-element-populated > .elementor-background-overlay{transition:background 0.3s, border-radius 0.3s, opacity 0.3s;}.elementor-1201 .elementor-element.elementor-element-acf50fe{text-align:start;}.elementor-1201 .elementor-element.elementor-element-acf50fe .elementor-heading-title{font-family:\"Cormorant\", Sans-serif;font-size:42px;font-weight:600;text-transform:uppercase;line-height:1em;letter-spacing:1px;color:var( --e-global-color-8903f70 );}.elementor-1201 .elementor-element.elementor-element-5dc9e1f1{text-align:start;line-height:25px;color:var( --e-global-color-text );margin:25px 0px calc(var(--kit-widget-spacing, 0px) + 0px) 0px;}.elementor-1201 .elementor-element.elementor-element-348a45b{--display:flex;--flex-direction:column;--container-widget-width:100%;--container-widget-height:initial;--container-widget-flex-grow:0;--container-widget-align-self:initial;--flex-wrap-mobile:wrap;--padding-top:0px;--padding-bottom:100px;--padding-left:0px;--padding-right:0px;}.elementor-1201 .elementor-element.elementor-element-4adf942{text-align:start;}.elementor-1201 .elementor-element.elementor-element-4adf942 .elementor-heading-title{font-family:\"Cormorant\", Sans-serif;font-size:42px;font-weight:600;text-transform:uppercase;line-height:1em;letter-spacing:1px;color:var( --e-global-color-8903f70 );}.elementor-1201 .elementor-element.elementor-element-1d7573e{--display:flex;--flex-direction:column;--container-widget-width:100%;--container-widget-height:initial;--container-widget-flex-grow:0;--container-widget-align-self:initial;--flex-wrap-mobile:wrap;}.elementor-1201 .elementor-element.elementor-element-78256c3{text-align:center;}@media(max-width:1024px){.elementor-1201 .elementor-element.elementor-element-99bc4f1{margin-top:0px;margin-bottom:0px;padding:0px 0px 0px 0px;}.elementor-1201 .elementor-element.elementor-element-0fc94a3 > .elementor-element-populated{padding:0px 10px 0px 10px;}.elementor-1201 .elementor-element.elementor-element-bf8d97c .elementor-heading-title{font-size:var( --e-global-typography-bb09ac0-font-size );line-height:var( --e-global-typography-bb09ac0-line-height );letter-spacing:var( --e-global-typography-bb09ac0-letter-spacing );word-spacing:var( --e-global-typography-bb09ac0-word-spacing );}.elementor-1201 .elementor-element.elementor-element-649df6b2{padding:65px 0px 60px 0px;}.elementor-1201 .elementor-element.elementor-element-42f3f57f > .elementor-element-populated{margin:0px 0px 20px 0px;--e-column-margin-right:0px;--e-column-margin-left:0px;padding:0px 10px 0px 10px;}.elementor-1201 .elementor-element.elementor-element-acf50fe{text-align:center;margin:35px 0px calc(var(--kit-widget-spacing, 0px) + 0px) 0px;padding:0px 0px 0px 0px;}.elementor-1201 .elementor-element.elementor-element-4adf942{text-align:center;margin:35px 0px calc(var(--kit-widget-spacing, 0px) + 0px) 0px;padding:0px 0px 0px 0px;}}@media(max-width:767px){.elementor-1201 .elementor-element.elementor-element-bf8d97c .elementor-heading-title{font-size:var( --e-global-typography-bb09ac0-font-size );line-height:var( --e-global-typography-bb09ac0-line-height );letter-spacing:var( --e-global-typography-bb09ac0-letter-spacing );word-spacing:var( --e-global-typography-bb09ac0-word-spacing );}.elementor-1201 .elementor-element.elementor-element-649df6b2{padding:60px 20px 60px 20px;}.elementor-1201 .elementor-element.elementor-element-42f3f57f > .elementor-element-populated{margin:0px 0px 0px 0px;--e-column-margin-right:0px;--e-column-margin-left:0px;padding:0px 0px 0px 0px;}.elementor-1201 .elementor-element.elementor-element-acf50fe{text-align:start;margin:0px 0px calc(var(--kit-widget-spacing, 0px) + 0px) 0px;}.elementor-1201 .elementor-element.elementor-element-acf50fe .elementor-heading-title{font-size:27px;}.elementor-1201 .elementor-element.elementor-element-5dc9e1f1{font-size:14px;margin:0px 0px calc(var(--kit-widget-spacing, 0px) + 0px) 0px;padding:15px 0px 0px 0px;}.elementor-1201 .elementor-element.elementor-element-348a45b{--padding-top:0px;--padding-bottom:50px;--padding-left:20px;--padding-right:20px;}.elementor-1201 .elementor-element.elementor-element-4adf942{text-align:center;margin:0px 0px calc(var(--kit-widget-spacing, 0px) + 0px) 0px;}.elementor-1201 .elementor-element.elementor-element-4adf942 .elementor-heading-title{font-size:20px;line-height:1.5em;}}@media(min-width:768px){.elementor-1201 .elementor-element.elementor-element-42f3f57f{width:100%;}}@media(max-width:1024px) and (min-width:768px){.elementor-1201 .elementor-element.elementor-element-42f3f57f{width:100%;}}@media(min-width:1025px){.elementor-1201 .elementor-element.elementor-element-8cd0a64:not(.elementor-motion-effects-element-type-background), .elementor-1201 .elementor-element.elementor-element-8cd0a64 > .elementor-motion-effects-container > .elementor-motion-effects-layer{background-attachment:fixed;}}<\/style>\t\t<div data-elementor-type=\"wp-page\" data-elementor-id=\"1201\" class=\"elementor elementor-1201\" data-elementor-post-type=\"page\">\n\t\t\t\t\t\t<section class=\"elementor-section elementor-top-section elementor-element elementor-element-99bc4f1 elementor-section-full_width elementor-section-height-default elementor-section-height-default\" data-id=\"99bc4f1\" data-element_type=\"section\" data-e-type=\"section\">\n\t\t\t\t\t\t<div class=\"elementor-container elementor-column-gap-no\">\n\t\t\t\t\t<div class=\"elementor-column elementor-col-100 elementor-top-column elementor-element elementor-element-d34db92\" data-id=\"d34db92\" data-element_type=\"column\" data-e-type=\"column\" data-settings=\"{&quot;background_background&quot;:&quot;slideshow&quot;,&quot;background_slideshow_ken_burns&quot;:&quot;yes&quot;,&quot;background_slideshow_gallery&quot;:[],&quot;background_slideshow_loop&quot;:&quot;yes&quot;,&quot;background_slideshow_slide_duration&quot;:5000,&quot;background_slideshow_slide_transition&quot;:&quot;fade&quot;,&quot;background_slideshow_transition_duration&quot;:500,&quot;background_slideshow_ken_burns_zoom_direction&quot;:&quot;in&quot;}\">\n\t\t\t<div class=\"elementor-widget-wrap elementor-element-populated\">\n\t\t\t\t\t\t<section class=\"elementor-section elementor-inner-section elementor-element elementor-element-8cd0a64 elementor-section-boxed elementor-section-height-default elementor-section-height-default\" data-id=\"8cd0a64\" data-element_type=\"section\" data-e-type=\"section\" data-settings=\"{&quot;background_background&quot;:&quot;classic&quot;}\">\n\t\t\t\t\t\t\t<div class=\"elementor-background-overlay\"><\/div>\n\t\t\t\t\t\t\t<div class=\"elementor-container elementor-column-gap-no\">\n\t\t\t\t\t<div class=\"elementor-column elementor-col-100 elementor-inner-column elementor-element elementor-element-0fc94a3\" data-id=\"0fc94a3\" data-element_type=\"column\" data-e-type=\"column\">\n\t\t\t<div class=\"elementor-widget-wrap elementor-element-populated\">\n\t\t\t\t\t\t<div class=\"elementor-element elementor-element-bf8d97c elementor-widget elementor-widget-heading\" data-id=\"bf8d97c\" data-element_type=\"widget\" data-e-type=\"widget\" data-widget_type=\"heading.default\">\n\t\t\t\t\t<h1 class=\"elementor-heading-title elementor-size-default\">BEDINGUNGEN UND KONDITIONEN<\/h1>\t\t\t\t<\/div>\n\t\t\t\t<div class=\"elementor-element elementor-element-968980e elementor-widget elementor-widget-text-editor\" data-id=\"968980e\" data-element_type=\"widget\" data-e-type=\"widget\" data-widget_type=\"text-editor.default\">\n\t\t\t\t\t\t\t\t\t<p><em>Durch die Nutzung dieser Website erkl\u00e4ren Sie sich mit unseren Bedingungen einverstanden.<br \/>\u00dcberpr\u00fcfen Sie diese Seite regelm\u00e4\u00dfig auf Aktualisierungen.<\/em><\/p>\t\t\t\t\t\t\t\t<\/div>\n\t\t\t\t\t<\/div>\n\t\t<\/div>\n\t\t\t\t\t<\/div>\n\t\t<\/section>\n\t\t\t\t\t<\/div>\n\t\t<\/div>\n\t\t\t\t\t<\/div>\n\t\t<\/section>\n\t\t\t\t<section class=\"elementor-section elementor-top-section elementor-element elementor-element-649df6b2 elementor-section-boxed elementor-section-height-default elementor-section-height-default\" data-id=\"649df6b2\" data-element_type=\"section\" data-e-type=\"section\">\n\t\t\t\t\t\t<div class=\"elementor-container elementor-column-gap-no\">\n\t\t\t\t\t<div class=\"elementor-column elementor-col-100 elementor-top-column elementor-element elementor-element-42f3f57f\" data-id=\"42f3f57f\" data-element_type=\"column\" data-e-type=\"column\" data-settings=\"{&quot;background_background&quot;:&quot;classic&quot;}\">\n\t\t\t<div class=\"elementor-widget-wrap elementor-element-populated\">\n\t\t\t\t\t\t<div class=\"elementor-element elementor-element-acf50fe elementor-widget elementor-widget-heading\" data-id=\"acf50fe\" data-element_type=\"widget\" data-e-type=\"widget\" data-widget_type=\"heading.default\">\n\t\t\t\t\t<h2 class=\"elementor-heading-title elementor-size-default\">BEDINGUNGEN UND KONDITIONEN<\/h2>\t\t\t\t<\/div>\n\t\t\t\t<div class=\"elementor-element elementor-element-5dc9e1f1 elementor-widget elementor-widget-text-editor\" data-id=\"5dc9e1f1\" data-element_type=\"widget\" data-e-type=\"widget\" data-widget_type=\"text-editor.default\">\n\t\t\t\t\t\t\t\t\t<h5><em>Wir hei\u00dfen Sie herzlich willkommen im Bed &amp; Breakfast Le Grand Pont und bitten Sie, uns kennen zu lernen <\/em><em>aus diesen Allgemeinen Gesch\u00e4ftsbedingungen zu entnehmen.<\/em><\/h5><p><strong>1. Allgemeines<\/strong><\/p><ul><li style=\"list-style-type: none;\"><ul><li>Diese Allgemeinen Gesch\u00e4ftsbedingungen gelten f\u00fcr alle Benutzer des B&amp;B Le Grand Pont in Vielsalm, Rue de la Bouvi\u00e8re 19.<\/li><li>Mit dem Abschluss eines Mietvertrages treten diese Allgemeinen Gesch\u00e4ftsbedingungen in Kraft.<\/li><li>Auf Anfrage wird den Nutzern kostenlos ein Exemplar dieser Bedingungen zur Verf\u00fcgung gestellt.<\/li><li>Die Mieter m\u00fcssen einen festen Wohnsitz haben und mindestens 18 Jahre alt sein.<\/li><li>Der Verwalter haftet nicht f\u00fcr Besch\u00e4digung, Verlust oder Diebstahl von Eigentum der Nutzer. Im Falle von Streitigkeiten gehen alle (Rechts-)Kosten zu Lasten der Nutzer.<\/li><li>Alle Risiken im Zusammenhang mit einem Aufenthalt im B&amp;B Le Grand Pont liegen in der Verantwortung der Nutzer.<\/li><li>Sch\u00e4den und Verluste an beweglichen und unbeweglichen Sachen, die dem Eigent\u00fcmer B&amp;B Le Grand Pont geh\u00f6ren, m\u00fcssen dem Eigent\u00fcmer von den Benutzern unverz\u00fcglich gemeldet und ersetzt werden. Im Falle einer Diskussion, bleibt die Bestimmung des Eigent\u00fcmers verbindlich.<\/li><li>Die G\u00e4ste sollten die Anweisungen des Verwalters befolgen.<\/li><li>Der Verwalter kann den G\u00e4sten den Zugang zum B&amp;B Le Grand Pont mit sofortiger Wirkung und ohne weitere Ank\u00fcndigung und Angabe von Gr\u00fcnden verweigern und\/oder verweigern, wenn sie gegen die vorliegenden Allgemeinen Gesch\u00e4ftsbedingungen versto\u00dfen und sich unangemessen verhalten und<br \/>ohne Erstattung der Unterkunftskosten.<\/li><li>Die Aufzeichnungen des Administrators sind unanfechtbar ma\u00dfgebend, es sei denn, die Nutzer k\u00f6nnen das Gegenteil beweisen. F\u00fcr alle Abweichungen, die nicht in diesen Bedingungen enthalten sind, entscheidet der Eigent\u00fcmer.<\/li><li>Die G\u00e4ste des B&amp;B Le Grand Pont m\u00fcssen die nachstehende Hausordnung einhalten.<\/li><\/ul><\/li><\/ul><p><strong>2. Buchung und Best\u00e4tigung<\/strong><\/p><ul><li style=\"list-style-type: none;\"><ul><li>Der Mietvertrag kann m\u00fcndlich, telefonisch und per Post abgeschlossen werden (je nach Verf\u00fcgbarkeit von Platz).<\/li><li>Nach Erhalt Ihrer Reservierungsanfrage sendet das B&amp;B Le Grand Pont eine endg\u00fcltige Best\u00e4tigung per E-Mail. Danach ist die Reservierung f\u00fcr beide Parteien endg\u00fcltig.<\/li><li>Auf der Website <a href=\"http:\/\/www.legrandpont.be\/de\/\">www.legrandpont.be<\/a> wird auf diese Allgemeinen Gesch\u00e4ftsbedingungen verwiesen. Sie k\u00f6nnen diese auch per E-Mail anfordern.<\/li><li>F\u00fcr die Buchung eines Aufenthalts im B&amp;B Le Grand Pont fallen keine zus\u00e4tzlichen Kosten an.<\/li><\/ul><\/li><\/ul><p><strong>3. Zahlung<\/strong><\/p><ul><li style=\"list-style-type: none;\"><ul><li>Die Unterkunftskosten f\u00fcr B&amp;B Le Grand Pont m\u00fcssen im Voraus per Bank\u00fcberweisung bezahlt werden. Der Eigent\u00fcmer kann in Absprache mit dem Mieter von diesen Bedingungen abweichen.<\/li><li>Bei Buchung eines l\u00e4ngeren Zeitraums kann der Vermieter eine Vorauszahlung des vereinbarten Mietpreises verlangen.<br \/>Die aktuellen Tarife sind auf unserer Website zu finden:\u00a0<a href=\"http:\/\/www.legrandpont.be\/de\/\">www.legrandpont.be<\/a><\/li><\/ul><\/li><\/ul><p><strong>4. Annullierung<\/strong><\/p><p style=\"padding-left: 80px;\">Wenn Sie den abgeschlossenen Mietvertrag unerwartet nicht erf\u00fcllen k\u00f6nnen,<br \/>informieren Sie uns bitte so schnell wie m\u00f6glich, damit wir die freie Reservierung noch vornehmen k\u00f6nnen.<br \/>rechtzeitig an Dritte weitergeben.<\/p><p style=\"padding-left: 80px;\">Im Falle einer Stornierung zahlt der Mieter eine Geb\u00fchr an den Verwalter:<\/p><ul><li style=\"list-style-type: none;\"><ul><li style=\"list-style-type: none;\"><ul><li>im Falle einer Stornierung vor 2 Wochen vor dem Anreisedatum:\u00a0<span lang=\"EN-US\">\u2028<\/span>0 EUR, wird der im Voraus bezahlte Betrag zur\u00fcckerstattet.<\/li><li>im Falle einer Stornierung ab 2 Wochen vor dem Anreisedatum: 100% des vereinbarten Preises.\u00a0<\/li><\/ul><\/li><\/ul><\/li><\/ul><p><strong>5. Kontaktangaben<\/strong><\/p><p style=\"padding-left: 80px;\"><strong>B&amp;B Le Grand Pont<\/strong><br \/>Rue de la Bouvi\u00e8re 19<br \/>B-6690 Vielsalm<br \/>Belgien<\/p><p style=\"padding-left: 80px;\"><strong>Gert Van den Eede<\/strong><br \/>Mobiltelefon:+32 476 591 000<br \/>Website: www.legrandpont.be<br \/>E-Mail:\u00a0<a href=\"mailto:info@legrandpont.be\">info@legrandpont.be<\/a><\/p><p style=\"padding-left: 80px;\">MEHRWERTSTEUER: BE 0880.401.593<br \/>Kontonummer: Argenta: BE08 9796 5140 4313 - BIC: ARSPBE22<\/p><p><strong>6. Ankunft und Abreise<\/strong><\/p><ul><li style=\"list-style-type: none;\"><ul><li>Bei Ihrer Ankunft sollten Sie sich zun\u00e4chst beim Eigent\u00fcmer melden.<\/li><li>Zur Identifizierung werden Sie aufgefordert, Ihren Reisepass oder Personalausweis vorzulegen.<\/li><li>Check-in von 15.00 bis 22.00 Uhr, Check-out bis 11.00 Uhr.<\/li><li>Von den oben genannten Zeiten kann nur im gegenseitigen Einvernehmen abgewichen werden.<\/li><li>Im Falle einer vorzeitigen Abreise wird keine R\u00fcckerstattung gew\u00e4hrt.<\/li><\/ul><\/li><\/ul><p><strong>7. Fr\u00fchst\u00fcck<\/strong><\/p><ul><li style=\"list-style-type: none;\"><ul><li>Das Fr\u00fchst\u00fcck wird zwischen 8 Uhr und 11 Uhr serviert (eine andere Zeit ist auf Anfrage m\u00f6glich).<br \/>m\u00f6glich).<\/li><li>Das Fr\u00fchst\u00fcck ist in der \u00dcbernachtung enthalten.<\/li><li>Sonderw\u00fcnsche wie vegetarisch, gluten- oder laktosefrei teilen Sie uns bitte mindestens zwei Tage im Voraus mit.<\/li><\/ul><\/li><\/ul><p><strong>8. Ihr Aufenthalt<\/strong><\/p><ul><li style=\"list-style-type: none;\"><ul><li>Die Nutzung des B&amp;B durch Dritte ist nicht gestattet.<\/li><li>Die Untervermietung ist verboten.<\/li><li>Besuchern ist es nicht gestattet, ohne Erlaubnis des Verwalters und ohne zus\u00e4tzliche Bezahlung in der Unterkunft zu \u00fcbernachten.<\/li><li>Kinder sind willkommen. Im Zimmer gibt es gen\u00fcgend Platz f\u00fcr ein Kinderbett. Aufpreis je nach Alter. Kinder unter 10 Jahren sollten nie ohne Begleitung in den Zimmern gelassen werden.<\/li><li>Haustiere sind in den daf\u00fcr vorgesehenen Zimmern willkommen. Aufpreis je nach Anzahl. Wenn die Haustiere nicht in den Zimmern, sondern in einem Fahrzeug oder Hundeanh\u00e4nger untergebracht sind, ist kein Aufpreis zu entrichten. Benutzung des<br \/>Die zur Verf\u00fcgung gestellte Hundewiese ist kostenlos, vorbehaltlich der Reinigung der Bed\u00fcrfnisse.<\/li><li>Haustiere sollten niemals unbeaufsichtigt in den Zimmern gelassen werden, es sei denn, sie befinden sich in einer geschlossenen Kiste.<\/li><\/ul><\/li><\/ul><p><strong>9. Sicherheit und Umwelt<\/strong><\/p><ul><li style=\"list-style-type: none;\"><ul><li>Die Unterkunft sollte sauber und ordentlich gehalten werden.<\/li><li>Wir haben eine Hebepumpe, die das Abwasser in die Kanalisation pumpt. Deshalb d\u00fcrfen keine Fremdk\u00f6rper (z. B. Slipeinlagen, Tampons usw.) ins Abwasser gesp\u00fclt werden. Es ist nur das Toilettenpapier des Eigent\u00fcmers erlaubt. Kosten und Sch\u00e4den an den Abfl\u00fcssen oder der Hebepumpe werden bei Zuwiderhandlung zu 100 % vom Mieter zur\u00fcckgefordert.<\/li><li>Unser B&amp;B ist ein rauchfreies Geb\u00e4ude.<\/li><li>Rauchen und offenes Feuer sind aus Gr\u00fcnden des Brandschutzes nicht erlaubt. Auf der \u00f6ffentlichen Terrasse, die an den Garten angrenzt, ist das Rauchen erlaubt (nicht auf der Terrasse des Fr\u00fchst\u00fccksraums). Kippen d\u00fcrfen nicht auf dem Boden liegen gelassen werden; daf\u00fcr steht ein Sandeimer zur Verf\u00fcgung.<\/li><li>Die Unterkunft ist w\u00e4hrend eines Aufenthalts 24 Stunden am Tag zug\u00e4nglich.<\/li><\/ul><\/li><\/ul>\t\t\t\t\t\t\t\t<\/div>\n\t\t\t\t\t<\/div>\n\t\t<\/div>\n\t\t\t\t\t<\/div>\n\t\t<\/section>\n\t\t<div class=\"elementor-element elementor-element-348a45b e-flex e-con-boxed e-con e-parent\" data-id=\"348a45b\" data-element_type=\"container\" data-e-type=\"container\">\n\t\t\t\t\t<div class=\"e-con-inner\">\n\t\t\t\t<div class=\"elementor-element elementor-element-4adf942 elementor-widget elementor-widget-heading\" data-id=\"4adf942\" data-element_type=\"widget\" data-e-type=\"widget\" data-widget_type=\"heading.default\">\n\t\t\t\t\t<h2 class=\"elementor-heading-title elementor-size-default\">Wir w\u00fcnschen Ihnen einen angenehmen und erholsamen Aufenthalt in unserem familiengef\u00fchrten B&amp;B.<\/h2>\t\t\t\t<\/div>\n\t\t\t\t\t<\/div>\n\t\t\t\t<\/div>\n\t\t<div class=\"elementor-element elementor-element-1d7573e elementor-hidden-desktop elementor-hidden-tablet elementor-hidden-mobile e-flex e-con-boxed e-con e-parent\" data-id=\"1d7573e\" data-element_type=\"container\" data-e-type=\"container\">\n\t\t\t\t\t<div class=\"e-con-inner\">\n\t\t\t\t<div class=\"elementor-element elementor-element-78256c3 elementor-widget elementor-widget-heading\" data-id=\"78256c3\" data-element_type=\"widget\" data-e-type=\"widget\" data-widget_type=\"heading.default\">\n\t\t\t\t\t<h2 class=\"elementor-heading-title elementor-size-default\"><a href=\"https:\/\/www.vielsalm.be\/\" target=\"_blank\" rel=\"noopener\">Vielsalm.be<\/a><\/h2>\t\t\t\t<\/div>\n\t\t\t\t\t<\/div>\n\t\t\t\t<\/div>\n\t\t\t\t<\/div>","protected":false},"excerpt":{"rendered":"<p>ALGEMENE VOORWAARDEN Door deze website te gebruiken, gaat u akkoord met onze algemene voorwaarden.Raadpleeg regelmatig deze pagina voor updates. ALGEMENE VOORWAARDEN We heten u van harte welkom in Bed &amp; Breakfast Le Grand Pont en vragen u om kennis te nemen van deze Algemene Voorwaarden. 1. Algemeen Deze Algemene Voorwaarden zijn van toepassing op alle [&hellip;]<\/p>\n","protected":false},"author":1,"featured_media":1217,"parent":0,"menu_order":0,"comment_status":"closed","ping_status":"closed","template":"elementor_header_footer","meta":{"footnotes":""},"class_list":["post-1201","page","type-page","status-publish","has-post-thumbnail","hentry"],"_links":{"self":[{"href":"https:\/\/www.legrandpont.be\/de\/wp-json\/wp\/v2\/pages\/1201","targetHints":{"allow":["GET"]}}],"collection":[{"href":"https:\/\/www.legrandpont.be\/de\/wp-json\/wp\/v2\/pages"}],"about":[{"href":"https:\/\/www.legrandpont.be\/de\/wp-json\/wp\/v2\/types\/page"}],"author":[{"embeddable":true,"href":"https:\/\/www.legrandpont.be\/de\/wp-json\/wp\/v2\/users\/1"}],"replies":[{"embeddable":true,"href":"https:\/\/www.legrandpont.be\/de\/wp-json\/wp\/v2\/comments?post=1201"}],"version-history":[{"count":72,"href":"https:\/\/www.legrandpont.be\/de\/wp-json\/wp\/v2\/pages\/1201\/revisions"}],"predecessor-version":[{"id":3598,"href":"https:\/\/www.legrandpont.be\/de\/wp-json\/wp\/v2\/pages\/1201\/revisions\/3598"}],"wp:featuredmedia":[{"embeddable":true,"href":"https:\/\/www.legrandpont.be\/de\/wp-json\/wp\/v2\/media\/1217"}],"wp:attachment":[{"href":"https:\/\/www.legrandpont.be\/de\/wp-json\/wp\/v2\/media?parent=1201"}],"curies":[{"name":"wp","href":"https:\/\/api.w.org\/{rel}","templated":true}]}}